{"id":3,"date":"2022-03-30T15:43:07","date_gmt":"2022-03-30T13:43:07","guid":{"rendered":"https:\/\/serafinbros.pl\/?page_id=3"},"modified":"2022-04-23T16:34:52","modified_gmt":"2022-04-23T14:34:52","slug":"polityka-prywatnosci","status":"publish","type":"page","link":"https:\/\/serafinbros.pl\/?page_id=3","title":{"rendered":""},"content":{"rendered":"\t\t<div data-elementor-type=\"wp-page\" data-elementor-id=\"3\" class=\"elementor elementor-3\">\n\t\t\t\t\t\t<section class=\"elementor-section elementor-top-section elementor-element elementor-element-42720e9 elementor-section-boxed elementor-section-height-default elementor-section-height-default\" data-id=\"42720e9\" data-element_type=\"section\">\n\t\t\t\t\t\t<div class=\"elementor-container elementor-column-gap-default\">\n\t\t\t\t\t<div class=\"elementor-column elementor-col-100 elementor-top-column elementor-element elementor-element-a3bbc8e\" data-id=\"a3bbc8e\" data-element_type=\"column\">\n\t\t\t<div class=\"elementor-widget-wrap elementor-element-populated\">\n\t\t\t\t\t\t<div class=\"elementor-element elementor-element-6c954d7 elementor-widget elementor-widget-heading\" data-id=\"6c954d7\" data-element_type=\"widget\" data-widget_type=\"heading.default\">\n\t\t\t\t<div class=\"elementor-widget-container\">\n\t\t\t\t\t<h3 class=\"elementor-heading-title elementor-size-default\">POLITYKA PRYWATNO\u015aCI<\/h3>\t\t\t\t<\/div>\n\t\t\t\t<\/div>\n\t\t\t\t<div class=\"elementor-element elementor-element-be9cdcb elementor-widget elementor-widget-text-editor\" data-id=\"be9cdcb\" data-element_type=\"widget\" data-widget_type=\"text-editor.default\">\n\t\t\t\t<div class=\"elementor-widget-container\">\n\t\t\t\t\t\t\t\t\t<h4><span style=\"font-size: 13.5px; font-style: inherit; font-weight: inherit; color: #ffffff;\">\u00a0<\/span><\/h4><h4><span style=\"font-size: 13.5px; font-style: inherit; font-weight: inherit; color: #ffffff;\">Adres naszej strony internetowej to: https:\/\/www.serafinbros.pl\/<\/span><\/h4><p class=\"MsoNormal\">\u00a0<\/p><p class=\"MsoNormal\">Wst\u0119p<\/p><p class=\"MsoNormal\">\u00a0<\/p><p class=\"MsoNormal\">Niniejszy dokument stanowi Polityk\u0119 Prywatno\u015bci dla portalu www.serafinbros.pl<\/p><p class=\"MsoNormal\">Administratorem portalu jest Serafin Bros.<\/p><p class=\"MsoNormal\">\u00a0<\/p><p class=\"MsoNormal\">\u00a7 Cz\u0119\u015b\u0107 I \u201ePliki Cookies\u201d \u2013 dotyczy wszystkich u\u017cytkownik\u00f3w korzystaj\u0105cych z portalu www.serafinbros.pl<\/p><p class=\"MsoNormal\">\u00a0<\/p><p class=\"MsoNormal\">\u00a7 Cz\u0119\u015b\u0107 II \u201eDane Osobowe\u201d \u2013 dotyczy tylko tych u\u017cytkownik\u00f3w, kt\u00f3rych dane osobowe s\u0105 przetwarzane przez Administratora portalu.<\/p><p class=\"MsoNormal\">\u00a0<\/p><p class=\"MsoNormal\">Cz\u0119\u015b\u0107 I \u201ePliki Cookies\u201d<\/p><p class=\"MsoNormal\">\u00a0<\/p><p class=\"MsoNormal\">1. Pliki Cookies (tzw. ciasteczka) to dane informatyczne, w szczeg\u00f3lno\u015bci pliki tekstowe, kt\u00f3re przechowywane s\u0105 w urz\u0105dzeniu ko\u0144cowym U\u017cytkownika (urz\u0105dzeniu, na kt\u00f3rym znajduje si\u0119 przegl\u0105darka internetowa) i przeznaczone s\u0105 do korzystania z portalu www.serafinbros.pl. Cookies zazwyczaj zawieraj\u0105 nazw\u0119 strony internetowej, z kt\u00f3rej pochodz\u0105, czas przechowywania ich na urz\u0105dzeniu ko\u0144cowym oraz unikalny numer.<\/p><p class=\"MsoNormal\">\u00a0<\/p><p class=\"MsoNormal\">2. Wyja\u015bniam, \u017ce na portalu www.serafinbros.pl zbierane s\u0105 wy\u0142\u0105cznie informacje zawarte w plikach Cookies, natomiast nie s\u0105 zbierane \u017cadne inne dane o Tobie znajduj\u0105ce si\u0119 na Twoim urz\u0105dzeniu. Informuj\u0119, \u017ce na portalu www.serafinbros.pl nie s\u0105 stosowane tzw. trackingcookies, czyli pliki umo\u017cliwiaj\u0105ce szpiegowanie u\u017cytkownik\u00f3w.<\/p><p class=\"MsoNormal\">\u00a0<\/p><p class=\"MsoNormal\">3. Korzystaj\u0105c z mojego portalu, wyra\u017casz zgod\u0119 na wykorzystywanie Plik\u00f3w Cookies do cel\u00f3w opisanych w niniejszym dokumencie. Pami\u0119taj, \u017ce ustawienia Plik\u00f3w Cookies mo\u017cesz zmieni\u0107 w ka\u017cdej chwili za pomoc\u0105 ustawie\u0144 Twojej przegl\u0105darki.<\/p><p class=\"MsoNormal\">\u00a0<\/p><p class=\"MsoNormal\">4. Na portalu www.serafinbros.pl stosowane s\u0105 Pliki Cookies wydajno\u015bciowe, czyli s\u0142u\u017c\u0105ce do zbierania informacji o sposobie korzystania z naszego portalu, by lepiej dzia\u0142a\u0142a, oraz Pliki Cookies funkcjonalne, czyli pozwalaj\u0105ce \u201epami\u0119ta\u0107\u201d o ustawieniach u\u017cytkownika (np. j\u0119zyk, rozmiar czcionki). Pliki Cookies wykorzystuj\u0119 wi\u0119c do poni\u017cszych cel\u00f3w:<\/p><p class=\"MsoNormal\">\u00a0<\/p><p class=\"MsoNormal\">a) dostosowania zawarto\u015bci portalu www.serafinbros.pl do ustawie\u0144 u\u017cytkownika dotycz\u0105cych korzystania ze stron internetowych. Umo\u017cliwia to rozpozna\u0107 Twoje urz\u0105dzenie i odpowiednio wy\u015bwietli\u0107 stron\u0119 internetow\u0105, dostosowan\u0105 do Twoich indywidualnych potrzeb,<\/p><p class=\"MsoNormal\">\u00a0<\/p><p class=\"MsoNormal\">b) zapewnienie wi\u0119kszego bezpiecze\u0144stwa korzystania z portalu,<\/p><p class=\"MsoNormal\">\u00a0<\/p><p class=\"MsoNormal\">c) tworzenia statystyk, kt\u00f3re stanowi\u0105 podstaw\u0119 do analizy, w jaki spos\u00f3b u\u017cytkownicy korzystaj\u0105 ze stron internetowych.<\/p><p class=\"MsoNormal\">\u00a0<\/p><p class=\"MsoNormal\">5. W ramachportalu stosowane s\u0105 dwa rodzaje Plik\u00f3w Cookies:<\/p><p class=\"MsoNormal\">\u00a0<\/p><p class=\"MsoNormal\">a) sessioncookies, czyli pliki tymczasowe, kt\u00f3re przechowywane s\u0105 w urz\u0105dzeniu ko\u0144cowym u\u017cytkownika do czasu wylogowania, opuszczenia strony internetowej lub wy\u0142\u0105czenia przegl\u0105darki internetowej,<\/p><p class=\"MsoNormal\">\u00a0<\/p><p class=\"MsoNormal\">b) persistentcookies, czyli pliki, kt\u00f3re przechowywane s\u0105 w urz\u0105dzeniu ko\u0144cowym u\u017cytkownika przez czas okre\u015blony w parametrach tych plik\u00f3w lub do czasu ich usuni\u0119cia przez u\u017cytkownika.<\/p><p class=\"MsoNormal\">\u00a0<\/p><p class=\"MsoNormal\">6. Wyja\u015bniam, \u017ce przegl\u0105darka internetowa bardzo cz\u0119sto domy\u015blnie dopuszcza przechowywanie Plik\u00f3w Cookies w urz\u0105dzeniu ko\u0144cowym u\u017cytkownika. Pami\u0119taj, \u017ce w ka\u017cdym czasie mo\u017cesz dokona\u0107 zmiany ustawie\u0144 dotycz\u0105cych Plik\u00f3w Cookies. Ustawienia te mog\u0105 zosta\u0107 zmienione np. w taki spos\u00f3b, by blokowa\u0107 automatyczn\u0105 obs\u0142ug\u0119 Plik\u00f3w Cookies w ustawieniach przegl\u0105darki internetowej b\u0105d\u017a informowa\u0107 o ich ka\u017cdorazowym zamieszczeniu w urz\u0105dzeniu u\u017cytkownika.<\/p><p class=\"MsoNormal\">\u00a0<\/p><p class=\"MsoNormal\">7. Mo\u017cesz tak\u017ce we w\u0142asnym zakresie wyczy\u015bci\u0107 pami\u0119\u0107 podr\u0119czn\u0105 Twojej przegl\u0105darki, dzi\u0119ki czemu usuniesz wszystkie Pliki Cookies.<\/p><p class=\"MsoNormal\">\u00a0<\/p><p class=\"MsoNormal\">8. Szczeg\u00f3\u0142owe informacje o mo\u017cliwo\u015bci i sposobach obs\u0142ugi Plik\u00f3w Cookies dost\u0119pne s\u0105 w ustawieniach Twojej przegl\u0105darki internetowej (np. Chrome, Firefox, Internet Explorer).<\/p><p class=\"MsoNormal\">\u00a0<\/p><p class=\"MsoNormal\">Cz\u0119\u015b\u0107 II \u201eDane Osobowe\u201d<\/p><p class=\"MsoNormal\">\u00a0<\/p><p class=\"MsoNormal\">9. Informuj\u0119, \u017ce zgodnie z postanowieniami Rozporz\u0105dzenia Parlamentu Europejskiego i Rady (UE) nr 2016\/679 z dnia 27 kwietnia 2016 r. (tzw. RODO), jestem Twoim administratorem danych osobowych, a moje dane identyfikacyjne to Serafin Bros.<\/p><p class=\"MsoNormal\">\u00a0<\/p><p class=\"MsoNormal\">10. Twoje dane osobowe pozyskiwane podczas lub w zwi\u0105zku z korzystaniem ze strony www.serafinbros.pl mog\u0119 przetwarza\u0107 do poni\u017cszych cel\u00f3w:<\/p><p class=\"MsoNormal\">\u00a0<\/p><p class=\"MsoNormal\">a) w celu udzielenia odpowiedzi na przes\u0142ane zapytanie drog\u0105 mailow\u0105. Przetwarzanie odbywa si\u0119 w\u00f3wczas na podstawie Twojej zgody \u2013 tj. na podstawie art. 6 ust. 1 lit. a) RODO,<\/p><p class=\"MsoNormal\">\u00a0<\/p><p class=\"MsoNormal\">b) w celu zawarcia lub realizacja umowy, je\u017celi na podany na portalu adres mailowy wy\u015blesz zapytanie o ofert\u0119 \u2013 tj. na podstawie art. 6 ust. 1 lit. b) RODO.<\/p><p class=\"MsoNormal\">\u00a0<\/p><p class=\"MsoNormal\">11. Twoje dane osobowe b\u0119d\u0105 przetwarzane wy\u0142\u0105cznie przez czas niezb\u0119dny do osi\u0105gni\u0119cia celu przetwarzania lub do czasu cofni\u0119cia zgody. Twoje dane osobowe nie b\u0119d\u0105 profilowane ani poddane zautomatyzowanemu przetwarzaniu przez Administratora.<\/p><p class=\"MsoNormal\">\u00a0<\/p><p class=\"MsoNormal\">12. Pami\u0119taj, \u017ce w dowolnym momencie bez podania przyczyny mo\u017cesz cofn\u0105\u0107 swoj\u0105 zgod\u0119. Wystarczy, \u017ce napiszesz do nas za pomoc\u0105 formularza dost\u0119pnego na stronie w zak\u0142adce kontakt o tre\u015bci: \u201eCofam udzielon\u0105 zgod\u0119 na przetwarzanie moich danych osobowych do rozpatrywania zapyta\u0144 drog\u0105 mailow\u0105\u201d. Cofni\u0119cie zgody nie ma wp\u0142ywu na zgodno\u015b\u0107 z prawem przetwarzania Twoich danych osobowych, kt\u00f3rych dokonali\u015bmy przed jej cofni\u0119ciem.<\/p><p class=\"MsoNormal\">\u00a0<\/p><p class=\"MsoNormal\">13. Twoje dane osobowe mog\u0105 by\u0107 udost\u0119pnione do firmy informatycznej w zakresie niezb\u0119dnym do obs\u0142ugi moich system\u00f3w informatycznych oraz do firmy ksi\u0119gowej.<\/p><p class=\"MsoNormal\">\u00a0<\/p><p class=\"MsoNormal\">14. Masz prawo do \u017c\u0105dania dost\u0119pu do swoich danych osobowych, prawo do ich sprostowania, usuni\u0119cia lub ograniczenia przetwarzania, a tak\u017ce prawo do \u017c\u0105dania przeniesienia danych osobowych do innego administratora danych osobowych. W celu skorzystania z powy\u017cszych praw wystarczy, \u017ce napiszesz do nas za pomoc\u0105 formularza dost\u0119pnego na stronie. Masz r\u00f3wnie\u017c prawo do wniesienia skargi do Prezesa Urz\u0119du Ochrony Danych Osobowych, je\u017celi uznasz, \u017ce przetwarzanie Twoich danych osobowych narusza przepisy RODO.<\/p><p class=\"MsoNormal\">\u00a0<\/p><p class=\"MsoNormal\">Jakie dane osobiste zbieramy i dlaczego je zbieramy<\/p><p class=\"MsoNormal\">Komentarze<\/p><p class=\"MsoNormal\">Kiedy odwiedzaj\u0105cy witryn\u0119 zostawia komentarz, zbieramy dane widoczne w formularzu komentowania, jak i adres IP odwiedzaj\u0105cego oraz podpis jego przegl\u0105darki jako pomoc przy wykrywaniu spamu.<\/p><p class=\"MsoNormal\">\u00a0<\/p><p class=\"MsoNormal\">Zanonimizowany ci\u0105g znak\u00f3w stworzony na podstawie twojego adresu email (tak zwany hash) mo\u017ce zosta\u0107 przes\u0142any do us\u0142ugi Gravatar w celu sprawdzenia czy jej u\u017cywasz. Polityka prywatno\u015bci us\u0142ugi Gravatar jest dost\u0119pna tutaj: https:\/\/automattic.com\/privacy\/. Po zatwierdzeniu komentarza tw\u00f3j obrazek profilowy jest widoczny publicznie w kontek\u015bcie twojego komentarza.<\/p><p class=\"MsoNormal\">\u00a0<\/p><p class=\"MsoNormal\">Media<\/p><p class=\"MsoNormal\">Je\u015bli jeste\u015b zarejestrowanym u\u017cytkownikiem i wgrywasz na witryn\u0119 obrazki, powiniene\u015b unika\u0107 przesy\u0142ania obrazk\u00f3w z tagami EXIF lokalizacji. Odwiedzaj\u0105cy stron\u0119 mog\u0105 pobra\u0107 i odczyta\u0107 pe\u0142ne dane lokalizacyjne z obrazk\u00f3w w witrynie.<\/p><p class=\"MsoNormal\">\u00a0<\/p><p class=\"MsoNormal\">Je\u015bli zostawisz na naszej witrynie komentarz, b\u0119dziesz m\u00f3g\u0142 wybra\u0107 opcj\u0119 zapisu twojej nazwy, adresu email i adresu strony internetowej w ciasteczkach, dzi\u0119ki kt\u00f3rym podczas pisania kolejnych komentarzy powy\u017csze informacje b\u0119d\u0105 ju\u017c dogodnie uzupe\u0142nione. Te ciasteczka wygasaj\u0105 po roku.<\/p><p class=\"MsoNormal\">\u00a0<\/p><p class=\"MsoNormal\">Je\u015bli odwiedzisz stron\u0119 logowania, utworzymy tymczasowe ciasteczko na potrzeby sprawdzenia czy twoja przegl\u0105darka akceptuje ciasteczka. To ciasteczko nie zawiera \u017cadnych danych osobistych i zostanie wyrzucone, kiedy zamkniesz przegl\u0105dark\u0119.<\/p><p class=\"MsoNormal\">\u00a0<\/p><p class=\"MsoNormal\">Podczas logowania tworzymy dodatkowo kilka ciasteczek potrzebnych do zapisu twoich informacji logowania oraz wybranych opcji ekranu. Ciasteczka logowania wygasaj\u0105 po dw\u00f3ch dniach, a opcji ekranu po roku. Je\u015bli zaznaczysz opcj\u0119 \u201ePami\u0119taj mnie\u201d, logowanie wyga\u015bnie po dw\u00f3ch tygodniach. Je\u015bli wylogujesz si\u0119 ze swojego konta, ciasteczka logowania zostan\u0105 usuni\u0119te.<\/p><p class=\"MsoNormal\">\u00a0<\/p><p class=\"MsoNormal\">Je\u015bli zmodyfikujesz albo opublikujesz artyku\u0142, w twojej przegl\u0105darce zostanie zapisane dodatkowe ciasteczko. To ciasteczko nie zawiera \u017cadnych danych osobistych, wskazuj\u0105c po prostu na identyfikator przed chwil\u0105 edytowanego artyku\u0142u. Wygasa ono po 1 dniu.<\/p><p class=\"MsoNormal\">\u00a0<\/p><p class=\"MsoNormal\">Osadzone tre\u015bci z innych witryn<\/p><p class=\"MsoNormal\">Artyku\u0142y na tej witrynie mog\u0105 zawiera\u0107 osadzone tre\u015bci (np. filmy, obrazki, artyku\u0142y itp.). Osadzone tre\u015bci z innych witryn zachowuj\u0105 si\u0119 analogicznie do tego, jakby u\u017cytkownik odwiedzi\u0142 bezpo\u015brednio konkretn\u0105 witryn\u0119.<\/p><p class=\"MsoNormal\">\u00a0<\/p><p class=\"MsoNormal\">Jak d\u0142ugo przechowujemy twoje dane<\/p><p class=\"MsoNormal\">Je\u015bli zostawisz komentarz, jego tre\u015b\u0107 i metadane b\u0119d\u0105 przechowywane przez czas nieokre\u015blony. Dzi\u0119ki temu jeste\u015bmy w stanie rozpoznawa\u0107 i zatwierdza\u0107 kolejne komentarze automatycznie, bez wysy\u0142ania ich do ka\u017cdorazowej moderacji.<\/p><p class=\"MsoNormal\">\u00a0<\/p><p class=\"MsoNormal\">Dla u\u017cytkownik\u00f3w kt\u00f3rzy zarejestrowali si\u0119 na naszej stronie internetowej (je\u015bli tacy s\u0105), przechowujemy r\u00f3wnie\u017c informacje osobiste wprowadzone w profilu. Ka\u017cdy u\u017cytkownik mo\u017ce dokona\u0107 wgl\u0105du, korekty albo skasowa\u0107 swoje informacje osobiste w dowolnej chwili (nie licz\u0105c nazwy u\u017cytkownika, kt\u00f3rej nie mo\u017cna zmieni\u0107). Administratorzy strony r\u00f3wnie\u017c mog\u0105 przegl\u0105da\u0107 i modyfikowa\u0107 te informacje.<\/p><p class=\"MsoNormal\">\u00a0<\/p><p class=\"MsoNormal\">Jakie masz prawa do swoich danych<\/p><p>\u00a0<\/p><p class=\"MsoNormal\">Je\u015bli masz konto u\u017cytkownika albo doda\u0142e\u015b komentarze w tej witrynie, mo\u017cesz za\u017c\u0105da\u0107 dostarczenia pliku z wyeksportowanym kompletem twoich danych osobistych b\u0119d\u0105cych w naszym posiadaniu, w tym ca\u0142o\u015b\u0107 tych dostarczonych przez ciebie. Mo\u017cesz r\u00f3wnie\u017c za\u017c\u0105da\u0107 usuni\u0119cia przez nas ca\u0142o\u015bci twoich danych osobistych w naszym posiadaniu. Nie dotyczy to \u017cadnych danych kt\u00f3re jeste\u015bmy zobligowani zachowa\u0107 ze wzgl\u0119d\u00f3w administracyjnych, prawnych albo bezpiecze\u0144stwa.<\/p>\t\t\t\t\t\t\t\t<\/div>\n\t\t\t\t<\/div>\n\t\t\t\t\t<\/div>\n\t\t<\/div>\n\t\t\t\t\t<\/div>\n\t\t<\/section>\n\t\t\t\t<section class=\"elementor-section elementor-top-section elementor-element elementor-element-660ff28 elementor-section-boxed elementor-section-height-default elementor-section-height-default\" data-id=\"660ff28\" data-element_type=\"section\">\n\t\t\t\t\t\t<div class=\"elementor-container elementor-column-gap-default\">\n\t\t\t\t\t<div class=\"elementor-column elementor-col-100 elementor-top-column elementor-element elementor-element-323c352\" data-id=\"323c352\" data-element_type=\"column\">\n\t\t\t<div class=\"elementor-widget-wrap elementor-element-populated\">\n\t\t\t\t\t\t<div class=\"elementor-element elementor-element-03ec0fa elementor-align-center elementor-widget elementor-widget-button\" data-id=\"03ec0fa\" data-element_type=\"widget\" data-widget_type=\"button.default\">\n\t\t\t\t<div class=\"elementor-widget-container\">\n\t\t\t\t\t\t\t\t\t<div class=\"elementor-button-wrapper\">\n\t\t\t\t\t<a class=\"elementor-button elementor-button-link elementor-size-sm elementor-animation-shrink\" href=\"https:\/\/serafinbros.pl\/\">\n\t\t\t\t\t\t<span class=\"elementor-button-content-wrapper\">\n\t\t\t\t\t\t\t\t\t<span class=\"elementor-button-text\">POWR\u00d3T<\/span>\n\t\t\t\t\t<\/span>\n\t\t\t\t\t<\/a>\n\t\t\t\t<\/div>\n\t\t\t\t\t\t\t\t<\/div>\n\t\t\t\t<\/div>\n\t\t\t\t\t<\/div>\n\t\t<\/div>\n\t\t\t\t\t<\/div>\n\t\t<\/section>\n\t\t\t\t<\/div>\n\t\t","protected":false},"excerpt":{"rendered":"<p>POLITYKA PRYWATNO\u015aCI &nbsp; Adres naszej strony internetowej to: https:\/\/www.serafinbros.pl\/ Wst\u0119p Niniejszy dokument stanowi Polityk\u0119 Prywatno\u015bci dla portalu www.serafinbros.pl Administratorem portalu jest Serafin Bros. \u00a7 Cz\u0119\u015b\u0107 I \u201ePliki Cookies\u201d \u2013 dotyczy wszystkich u\u017cytkownik\u00f3w korzystaj\u0105cych z portalu www.serafinbros.pl \u00a7 Cz\u0119\u015b\u0107 II \u201eDane Osobowe\u201d \u2013 dotyczy tylko tych u\u017cytkownik\u00f3w, kt\u00f3rych dane osobowe s\u0105 przetwarzane przez Administratora portalu. Cz\u0119\u015b\u0107 &hellip;<\/p>\n<p class=\"read-more\"> <a class=\"\" href=\"https:\/\/serafinbros.pl\/?page_id=3\">  Read More &raquo;<\/a><\/p>\n","protected":false},"author":1,"featured_media":0,"parent":0,"menu_order":0,"comment_status":"closed","ping_status":"open","template":"","meta":{"site-sidebar-layout":"default","site-content-layout":"default","ast-global-header-display":"","ast-main-header-display":"","ast-hfb-above-header-display":"","ast-hfb-below-header-display":"","ast-hfb-mobile-header-display":"","site-post-title":"","ast-breadcrumbs-content":"","ast-featured-img":"","footer-sml-layout":"","theme-transparent-header-meta":"","adv-header-id-meta":"","stick-header-meta":"","header-above-stick-meta":"","header-main-stick-meta":"","header-below-stick-meta":"","footnotes":""},"class_list":["post-3","page","type-page","status-publish","hentry"],"yoast_head":"<!-- This site is optimized with the Yoast SEO plugin v27.4 - https:\/\/yoast.com\/product\/yoast-seo-wordpress\/ -->\n<title>- Serafin Bros.<\/title>\n<meta name=\"robots\" content=\"index, follow, max-snippet:-1, max-image-preview:large, max-video-preview:-1\" \/>\n<link rel=\"canonical\" href=\"https:\/\/serafinbros.pl\/?page_id=3\" \/>\n<meta property=\"og:locale\" content=\"pl_PL\" \/>\n<meta property=\"og:type\" content=\"article\" \/>\n<meta property=\"og:title\" content=\"- Serafin Bros.\" \/>\n<meta property=\"og:description\" content=\"POLITYKA PRYWATNO\u015aCI &nbsp; Adres naszej strony internetowej to: https:\/\/www.serafinbros.pl\/ Wst\u0119p Niniejszy dokument stanowi Polityk\u0119 Prywatno\u015bci dla portalu www.serafinbros.pl Administratorem portalu jest Serafin Bros. \u00a7 Cz\u0119\u015b\u0107 I \u201ePliki Cookies\u201d \u2013 dotyczy wszystkich u\u017cytkownik\u00f3w korzystaj\u0105cych z portalu www.serafinbros.pl \u00a7 Cz\u0119\u015b\u0107 II \u201eDane Osobowe\u201d \u2013 dotyczy tylko tych u\u017cytkownik\u00f3w, kt\u00f3rych dane osobowe s\u0105 przetwarzane przez Administratora portalu. Cz\u0119\u015b\u0107 &hellip;  Read More &raquo;\" \/>\n<meta property=\"og:url\" content=\"https:\/\/serafinbros.pl\/?page_id=3\" \/>\n<meta property=\"og:site_name\" content=\"Serafin Bros.\" \/>\n<meta property=\"article:modified_time\" content=\"2022-04-23T14:34:52+00:00\" \/>\n<meta name=\"twitter:card\" content=\"summary_large_image\" \/>\n<meta name=\"twitter:label1\" content=\"Szacowany czas czytania\" \/>\n\t<meta name=\"twitter:data1\" content=\"8 minut\" \/>\n<script type=\"application\/ld+json\" class=\"yoast-schema-graph\">{\"@context\":\"https:\\\/\\\/schema.org\",\"@graph\":[{\"@type\":\"WebPage\",\"@id\":\"https:\\\/\\\/serafinbros.pl\\\/?page_id=3\",\"url\":\"https:\\\/\\\/serafinbros.pl\\\/?page_id=3\",\"name\":\"- Serafin Bros.\",\"isPartOf\":{\"@id\":\"https:\\\/\\\/serafinbros.pl\\\/#website\"},\"datePublished\":\"2022-03-30T13:43:07+00:00\",\"dateModified\":\"2022-04-23T14:34:52+00:00\",\"inLanguage\":\"pl-PL\",\"potentialAction\":[{\"@type\":\"ReadAction\",\"target\":[\"https:\\\/\\\/serafinbros.pl\\\/?page_id=3\"]}]},{\"@type\":\"WebSite\",\"@id\":\"https:\\\/\\\/serafinbros.pl\\\/#website\",\"url\":\"https:\\\/\\\/serafinbros.pl\\\/\",\"name\":\"Serafin Bros.\",\"description\":\"Tworzymy grafik\u0119 i realizujemy filmy\",\"publisher\":{\"@id\":\"https:\\\/\\\/serafinbros.pl\\\/#organization\"},\"potentialAction\":[{\"@type\":\"SearchAction\",\"target\":{\"@type\":\"EntryPoint\",\"urlTemplate\":\"https:\\\/\\\/serafinbros.pl\\\/?s={search_term_string}\"},\"query-input\":{\"@type\":\"PropertyValueSpecification\",\"valueRequired\":true,\"valueName\":\"search_term_string\"}}],\"inLanguage\":\"pl-PL\"},{\"@type\":\"Organization\",\"@id\":\"https:\\\/\\\/serafinbros.pl\\\/#organization\",\"name\":\"Serafin Bros.\",\"url\":\"https:\\\/\\\/serafinbros.pl\\\/\",\"logo\":{\"@type\":\"ImageObject\",\"inLanguage\":\"pl-PL\",\"@id\":\"https:\\\/\\\/serafinbros.pl\\\/#\\\/schema\\\/logo\\\/image\\\/\",\"url\":\"https:\\\/\\\/serafinbros.pl\\\/wp-content\\\/uploads\\\/2022\\\/04\\\/cropped-Serafin-Bros.-icon-e1650564113215.png\",\"contentUrl\":\"https:\\\/\\\/serafinbros.pl\\\/wp-content\\\/uploads\\\/2022\\\/04\\\/cropped-Serafin-Bros.-icon-e1650564113215.png\",\"width\":300,\"height\":300,\"caption\":\"Serafin Bros.\"},\"image\":{\"@id\":\"https:\\\/\\\/serafinbros.pl\\\/#\\\/schema\\\/logo\\\/image\\\/\"}}]}<\/script>\n<!-- \/ Yoast SEO plugin. -->","yoast_head_json":{"title":"- Serafin Bros.","robots":{"index":"index","follow":"follow","max-snippet":"max-snippet:-1","max-image-preview":"max-image-preview:large","max-video-preview":"max-video-preview:-1"},"canonical":"https:\/\/serafinbros.pl\/?page_id=3","og_locale":"pl_PL","og_type":"article","og_title":"- Serafin Bros.","og_description":"POLITYKA PRYWATNO\u015aCI &nbsp; Adres naszej strony internetowej to: https:\/\/www.serafinbros.pl\/ Wst\u0119p Niniejszy dokument stanowi Polityk\u0119 Prywatno\u015bci dla portalu www.serafinbros.pl Administratorem portalu jest Serafin Bros. \u00a7 Cz\u0119\u015b\u0107 I \u201ePliki Cookies\u201d \u2013 dotyczy wszystkich u\u017cytkownik\u00f3w korzystaj\u0105cych z portalu www.serafinbros.pl \u00a7 Cz\u0119\u015b\u0107 II \u201eDane Osobowe\u201d \u2013 dotyczy tylko tych u\u017cytkownik\u00f3w, kt\u00f3rych dane osobowe s\u0105 przetwarzane przez Administratora portalu. Cz\u0119\u015b\u0107 &hellip;  Read More &raquo;","og_url":"https:\/\/serafinbros.pl\/?page_id=3","og_site_name":"Serafin Bros.","article_modified_time":"2022-04-23T14:34:52+00:00","twitter_card":"summary_large_image","twitter_misc":{"Szacowany czas czytania":"8 minut"},"schema":{"@context":"https:\/\/schema.org","@graph":[{"@type":"WebPage","@id":"https:\/\/serafinbros.pl\/?page_id=3","url":"https:\/\/serafinbros.pl\/?page_id=3","name":"- Serafin Bros.","isPartOf":{"@id":"https:\/\/serafinbros.pl\/#website"},"datePublished":"2022-03-30T13:43:07+00:00","dateModified":"2022-04-23T14:34:52+00:00","inLanguage":"pl-PL","potentialAction":[{"@type":"ReadAction","target":["https:\/\/serafinbros.pl\/?page_id=3"]}]},{"@type":"WebSite","@id":"https:\/\/serafinbros.pl\/#website","url":"https:\/\/serafinbros.pl\/","name":"Serafin Bros.","description":"Tworzymy grafik\u0119 i realizujemy filmy","publisher":{"@id":"https:\/\/serafinbros.pl\/#organization"},"potentialAction":[{"@type":"SearchAction","target":{"@type":"EntryPoint","urlTemplate":"https:\/\/serafinbros.pl\/?s={search_term_string}"},"query-input":{"@type":"PropertyValueSpecification","valueRequired":true,"valueName":"search_term_string"}}],"inLanguage":"pl-PL"},{"@type":"Organization","@id":"https:\/\/serafinbros.pl\/#organization","name":"Serafin Bros.","url":"https:\/\/serafinbros.pl\/","logo":{"@type":"ImageObject","inLanguage":"pl-PL","@id":"https:\/\/serafinbros.pl\/#\/schema\/logo\/image\/","url":"https:\/\/serafinbros.pl\/wp-content\/uploads\/2022\/04\/cropped-Serafin-Bros.-icon-e1650564113215.png","contentUrl":"https:\/\/serafinbros.pl\/wp-content\/uploads\/2022\/04\/cropped-Serafin-Bros.-icon-e1650564113215.png","width":300,"height":300,"caption":"Serafin Bros."},"image":{"@id":"https:\/\/serafinbros.pl\/#\/schema\/logo\/image\/"}}]}},"_links":{"self":[{"href":"https:\/\/serafinbros.pl\/index.php?rest_route=\/wp\/v2\/pages\/3","targetHints":{"allow":["GET"]}}],"collection":[{"href":"https:\/\/serafinbros.pl\/index.php?rest_route=\/wp\/v2\/pages"}],"about":[{"href":"https:\/\/serafinbros.pl\/index.php?rest_route=\/wp\/v2\/types\/page"}],"author":[{"embeddable":true,"href":"https:\/\/serafinbros.pl\/index.php?rest_route=\/wp\/v2\/users\/1"}],"replies":[{"embeddable":true,"href":"https:\/\/serafinbros.pl\/index.php?rest_route=%2Fwp%2Fv2%2Fcomments&post=3"}],"version-history":[{"count":13,"href":"https:\/\/serafinbros.pl\/index.php?rest_route=\/wp\/v2\/pages\/3\/revisions"}],"predecessor-version":[{"id":2179,"href":"https:\/\/serafinbros.pl\/index.php?rest_route=\/wp\/v2\/pages\/3\/revisions\/2179"}],"wp:attachment":[{"href":"https:\/\/serafinbros.pl\/index.php?rest_route=%2Fwp%2Fv2%2Fmedia&parent=3"}],"curies":[{"name":"wp","href":"https:\/\/api.w.org\/{rel}","templated":true}]}}